{"id":1279,"date":"2016-01-02T11:00:22","date_gmt":"2016-01-02T10:00:22","guid":{"rendered":"http:\/\/www.corellia.com.hr\/?page_id=1279"},"modified":"2017-11-25T10:13:52","modified_gmt":"2017-11-25T09:13:52","slug":"uvjeti-koristenja","status":"publish","type":"page","link":"https:\/\/www.corellia.com.hr\/?page_id=1279","title":{"rendered":"Uvjeti kori\u0161tenja"},"content":{"rendered":"<p>Kori\u0161tenjem ovih mre\u017enih stranica, prihva\u0107ate ove Uvjete kori\u0161tenja. Ako ih ne prihva\u0107ate, molimo vas da ne koristite ove mre\u017ene stranice i odmah ih napustite.<\/p>\n<p><strong>Pravna odgovornost<\/strong><\/p>\n<p>Ako nije druga\u010dije nazna\u010deno u samom sadr\u017eaju, imate pravo pregledavati, kopirati, tiskati i distribuirati (ali ne smijete mijenjati) sadr\u017eaj na ovim mre\u017enim stranicama, pod uvjetom da ga koristite u informativne, nekomercijalne svrhe i da svaka preslika sadr\u017eaja koju napravite mora imati obavijest o autorskim pravima ili druge napomene u vezi sa sadr\u017eajem ako to slu\u010daj zahtjeva.<\/p>\n<p>Pregledavanjem ovih stranica pristajete ih koristiti u skladu sa va\u017ee\u0107im zakonima.<\/p>\n<p>Kori\u0161tenjem i pregledavanjem ovih mre\u017enih stranica suglasni ste sa na\u0161im kori\u0161tenjem va\u0161ih osobnih podataka u skladu s na\u0161om Izjavom o privatnosti.<\/p>\n<p><strong>Intelektualno vlasni\u0161tvo<\/strong><\/p>\n<p>Corellia savjetovanje ure\u0111uje ove mre\u017ene stranice.<\/p>\n<p>Ove mre\u017ene stranice i njihov sadr\u017eaj za\u0161ti\u0107eni su zakonima o autorskim pravima i drugim zakonima Republike Hrvatske i\/ili drugih dr\u017eava.\u00a0Zadr\u017eavamo i sva prava koja nisu izri\u010dito dana ovim Uvjetima kori\u0161tenja.<\/p>\n<p>Zabranjeno je kori\u0161tenje imena i logotipa\u00a0Corellia savjetovanja.<\/p>\n<p>Ako to ovim Uvjetima nije izri\u010dito predvi\u0111eno, nemate pravo koristiti imena \u201eCorellia savjetovanje&#8221; i \u201eCorellia&#8221;, logotip Corellia, kao ni ostalih registriranih ili neregistriranih oznaka Corellia savjetovanja koji se pojavljuju na na\u0161im mre\u017enim stranicama. Spomenute nazive ili logotipe ne smijete koristiti u priop\u0107enjima za javnost, reklamama ili na drugim marketin\u0161kim materijalima bez obzira da li su u pisanoj, elektroni\u010dkoj ili nekoj drugoj formi, osim ako nemate pisanu dozvolu Corellia savjetovanja. Za dopu\u0161tenje i vi\u0161e informacija obratite nam se na <a href=\"mailto:info@corellia.com.hr\">info@corellia.com.hr<\/a>.<\/p>\n<p><strong>Izjava i ograni\u010denje odgovornosti<\/strong><\/p>\n<p><span style=\"font-weight: 400;\">Ove informacije nisu namijenjene kao isklju\u010diva osnova za odluke koje mogu utjecati na Vas ili Va\u0161e poslovanje. Prije dono\u0161enja bilo kakve odluke ili poduzimanja bilo kakvih radnji koje mogu utjecati na Va\u0161e osobne financije ili Va\u0161e poslovanje, sva<\/span><span style=\"font-weight: 400;\">kako zatra\u017eite savjet kvalificiranog profesionalnog savjetnika.<\/span><\/p>\n<p><span style=\"font-weight: 400;\">Ovi materijali i informacije koje oni sadr\u017ee, dani su takvima kakvi jesu, a Corellia savjetovanje ne daje nikakvo izri\u010dito niti implicitno jamstvo u svezi s materijalima ili informacijama koje sadr\u017ee. Bez ograni\u010davanja spomenutog, Corellia savjetovanje ne jam\u010di da materijali ili informacije u njima ne sadr\u017ee gre\u0161ke niti da udovoljavaju specifi\u010dnim kriterijima izvedbe ili kvalitete. Corellia savjetovanje izri\u010dito se ogra\u0111uje od svih neizravnih jamstava, uklju\u010duju\u0107i, bez ograni\u010denja, jamstva koja se odnose na utr\u017eivost, vlasni\u0161tvo, primjerenost odre\u0111enoj svrsi, pravilnost u odnosu na zakone, propise i druge akte, sukladnost, sigurnost i to\u010dnost.<\/span><\/p>\n<p><span style=\"font-weight: 400;\">Odre\u0111ene poveznice na ovim stranicama vode na sadr\u017eaje koje ure\u0111uju tre\u0107e osobe nad kojima nemamo kontrolu. Ne ograni\u010davaju\u0107i va\u017eenje niti jedne od prethodno navedenih odredbi, ne dajemo nikakvu eksplicitnu niti implicitnu izjavu, niti garanciju u vezi tih sadr\u017eaja i mre\u017enih stranica.<\/span><\/p>\n<p><span style=\"font-weight: 400;\">Navedene izjave i ograni\u010denja odgovornosti vrijede u najve\u0107oj mjeri dozvoljenoj zakonom, bilo da je rije\u010d o obveznim odnosima, zakonskim odredbama ili od\u0161tetnim zahtjevima (uklju\u010duju\u0107i ali ne ograni\u010davaju\u0107i se na nemar) ili drugim osnovama.<\/span><\/p>\n<p><strong>Dodatni uvjeti<\/strong><\/p>\n<p>Ako je neki od navedenih Uvjeta kori\u0161tenja neva\u017ee\u0107i ili neprimjenjiv u nekoj nadle\u017enosti, onda \u0107e se on u toj nadle\u017enosti ponovo protuma\u010diti tako da se u najve\u0107oj mogu\u0107oj mjeri ostvari njegova namjera, a ostali uvjeti \u0107e biti u potpunosti va\u017ee\u0107i i primjenljivi, dok \u0107e ovi Uvjeti kori\u0161tenja i dalje u cijelosti biti va\u017ee\u0107i i primjenljivi u svim ostalim nadle\u017enostima.<\/p>\n<p>Imamo pravo u svakom trenutku, po vlastitom naho\u0111enju, izmijeniti Uvjete kori\u0161tenja. Svaka izmjena postaje va\u017ee\u0107a od trenutka objavljivanja, osim ako nije druk\u010dije navedeno. Va\u0161a je odgovornost da se, pregledavaju\u0107i ovu stranicu, upoznate sa svim eventualnim izmjenama Uvjeta kori\u0161tenja. Daljnje kori\u0161tenje ovih mre\u017enih stranica nakon izmjene Uvjeta kori\u0161tenja smatramo kao prihva\u0107anje izmjena Uvjeta kori\u0161tenja.<\/p>\n","protected":false},"excerpt":{"rendered":"<p>Kori\u0161tenjem ovih mre\u017enih stranica, prihva\u0107ate ove Uvjete kori\u0161tenja. Ako ih [&hellip;]<\/p>\n","protected":false},"author":1,"featured_media":0,"parent":355,"menu_order":0,"comment_status":"closed","ping_status":"closed","template":"","meta":{"footnotes":""},"class_list":["post-1279","page","type-page","status-publish","hentry"],"_links":{"self":[{"href":"https:\/\/www.corellia.com.hr\/index.php?rest_route=\/wp\/v2\/pages\/1279","targetHints":{"allow":["GET"]}}],"collection":[{"href":"https:\/\/www.corellia.com.hr\/index.php?rest_route=\/wp\/v2\/pages"}],"about":[{"href":"https:\/\/www.corellia.com.hr\/index.php?rest_route=\/wp\/v2\/types\/page"}],"author":[{"embeddable":true,"href":"https:\/\/www.corellia.com.hr\/index.php?rest_route=\/wp\/v2\/users\/1"}],"replies":[{"embeddable":true,"href":"https:\/\/www.corellia.com.hr\/index.php?rest_route=%2Fwp%2Fv2%2Fcomments&post=1279"}],"version-history":[{"count":6,"href":"https:\/\/www.corellia.com.hr\/index.php?rest_route=\/wp\/v2\/pages\/1279\/revisions"}],"predecessor-version":[{"id":1286,"href":"https:\/\/www.corellia.com.hr\/index.php?rest_route=\/wp\/v2\/pages\/1279\/revisions\/1286"}],"up":[{"embeddable":true,"href":"https:\/\/www.corellia.com.hr\/index.php?rest_route=\/wp\/v2\/pages\/355"}],"wp:attachment":[{"href":"https:\/\/www.corellia.com.hr\/index.php?rest_route=%2Fwp%2Fv2%2Fmedia&parent=1279"}],"curies":[{"name":"wp","href":"https:\/\/api.w.org\/{rel}","templated":true}]}}