{"id":1287,"date":"2017-11-25T10:37:14","date_gmt":"2017-11-25T09:37:14","guid":{"rendered":"http:\/\/www.corellia.com.hr\/?page_id=1287"},"modified":"2018-01-06T21:21:43","modified_gmt":"2018-01-06T20:21:43","slug":"izjava-o-privatnosti","status":"publish","type":"page","link":"https:\/\/www.corellia.com.hr\/?page_id=1287","title":{"rendered":"Izjava o privatnosti"},"content":{"rendered":"<div class=\"wpb-content-wrapper\">[vc_row][vc_column width=&#8221;1\/4&#8243;][vc_empty_space][vc_single_image image=&#8221;1381&#8243; style=&#8221;vc_box_shadow_3d&#8221;][\/vc_column][vc_column width=&#8221;2\/3&#8243;][vc_column_text]Corellia savjetovanje je dru\u0161tvo koje vodi ra\u010duna o politici privatnosti podataka. U ovoj Izjavi o privatnosti obja\u0161njeno je kako \u0161titimo podatke i informacije mre\u017enih posjetitelja dostavljene putem ovih mre\u017enih stranica.<\/p>\n<p>Koriste\u0107i ove mre\u017ene stranice, suglasni ste da se ponu\u0111ene informacije koriste u skladu sa navedenom Izjavom o privatnosti.<\/p>\n<p>Druge mre\u017ene stranice koje mogu biti povezane sa na\u0161im mre\u017enim stranicama ne rukovode se ovom Izjavom o privatnosti. Savjetujemo posjetitelje tih mre\u017enih stranica da pro\u010ditaju dio o politikama privatnosti svake mre\u017ene stranice prije nego li im dostave bilo \u0161to od svojih osobnih podataka.<\/p>\n<p>Ako imate pitanja u vezi sa Izjavom o privatnosti, molimo Vas da nam se obratite na <a href=\"mailto:info@corellia.com.hr\">info@corellia.com.hr<\/a>.<\/p>\n<p><b>Prikupljanje informacija<\/b><\/p>\n<p><span style=\"font-weight: 400;\">Kao posjetitelj niste obvezni dati svoje osobne podatke da biste koristili ovu mre\u017enu stranicu. Ova stranica prikuplja samo osobne podatke koje posjetitelji dobrovoljno daju. Takve informacije mogu sadr\u017eavati, ali ne isklju\u010divo, Va\u0161e ime i prezime, poziciju, adresu tvrtke, e-mail adresu i broj telefona.<\/span><\/p>\n<p><span style=\"font-weight: 400;\">Mo\u017eemo \u010duvati bilo koji sadr\u017eaj koji nam ponudite uklju\u010duju\u0107i, ali ne ograni\u010davaju\u0107i se samo na sadr\u017eaje blogova, foruma i drugih dru\u0161tvenih mre\u017ea koje mo\u017eemo koristiti.<\/span><\/p>\n<p><span style=\"font-weight: 400;\">Ne tra\u017eimo podatke koji se odnose na rasu ili etni\u010dku pripadnost, vjerska uvjerenja, ka\u017enjavanje, fizi\u010dko ili mentalno zdravlje ili seksualnu orijentaciju. Ako \u0107emo tra\u017eiti takve podatke, morat \u0107ete nam dati svoju suglasnost.<\/span><\/p>\n<p><strong>Kori\u0161tenje informacija<\/strong><\/p>\n<p>Svoje osobne podatke mo\u017eete nam dostaviti putem ovih mre\u017enih stranica, na primjer ako ste se registrirali kako bi pristupili odre\u0111enim sadr\u017eajima, sudjelovali na nekom doga\u0111aju, odgovorili na upitnik ili tra\u017eili odre\u0111ene informacije. U tim slu\u010dajevima, informacije koje nam pru\u017eite koristit \u0107emo kako bismo obradili Va\u0161 zahtjev te pobolj\u0161ali ove mre\u017ene stranice i unaprijedili usluge koje Vam nudimo. Va\u0161e osobne podatke mo\u017eemo koristiti i za marketin\u0161ke svrhe, tj. slanje promotivnih materijala ili obavijesti o na\u0161im uslugama za koje smatramo da Vas mogu zanimati. Mo\u017eemo Vas kontaktirati i za povratnu informaciju o uslugama koje pru\u017eamo ili za potrebe istra\u017eivanja.<br \/>\nVa\u0161i osobni podaci mogu se koristiti i za za\u0161titu na\u0161ih prava ili imovine, kao i na\u0161ih korisnika ili u eventualnom pravnom postupku.<\/p>\n<p>U svakom trenutku mo\u017eete zatra\u017eiti da obustavimo slanja e-mailova ili drugih materijala.<\/p>\n<p><strong>Davanje podataka tre\u0107im osobama<\/strong><\/p>\n<p>Va\u0161e osobne podatke mo\u017eemo dostaviti drugim \u010dlanovima mre\u017ee Corellia savjetovanja da bi smo Vam dali informacije koje Vas mogu zanimati ili za potrebe istra\u017eivanja tr\u017ei\u0161ta. Tako\u0111er, Va\u0161e osobne podatke mo\u017eemo dostaviti drugim \u010dlanovima mre\u017ee Corellia savjetovanja i tre\u0107im osobama kako bi odgovorili na Va\u0161 zahtjev ili upit, za potrebe korporativnih transakcija kao \u0161to su prodaja, izdvajanje, likvidacija, reorganizacija, spajanje ili preuzimanje, odnosno osobama koje obra\u0111uju informacije u Va\u0161e ime. Navedeno mo\u017ee uklju\u010diti prijenos informacija u dr\u017eave ili podru\u010dja bez pravila o za\u0161titi podataka koja bi bila sli\u010dna onima koja su na snazi u dr\u017eavi korisnika mre\u017enih stranica.<\/p>\n<p>Osobni podaci mogu se dati na uvid regulatornim i drugim vladinim agencijama ili tre\u0107im osobama kada je to nu\u017eno da bi se ispunile zakonske ili regulatorne obveze, odnosno na zahtjev nadle\u017enih tijela.<\/p>\n<p>Ako nam dostavljate svoje osobne podatke preko ove mre\u017ene stranice, pristajete na davanje va\u0161ih osobnih podataka za gore navedene svrhe.<\/p>\n<p><strong>Promjene politike za\u0161tite povjerljivosti podataka<\/strong><\/p>\n<p>Corellia savjetovanje ima pravo izmijeniti ili dopuniti politike o povjerljivim podacima u bilo koje vrijeme i iz bilo kojeg razloga. Ni\u0161ta na ovim stranicama ne mo\u017ee se koristiti niti je namjenjeno za kori\u0161tenje u bilo kojem obliku ugovora ili sporazuma izme\u0111u Corellia savjetovanja i bilo kojeg korisnika koji posje\u0107uje mre\u017enu stranicu ili daje svoje podatke bilo koje vrste.<\/p>\n<p><strong>Za\u0161tita privatnosti djece<\/strong><\/p>\n<p>Corellia savjetovanje svjesna je va\u017enosti za\u0161tite privatnosti djece na internetu. Na\u0161e mre\u017ene stranice, na koje se odnosi ova politika za\u0161tite privatnosti, nisu namijenjene za kori\u0161tenje osobama mla\u0111ima od 15 godina. Na\u0161a politika nije namjerno prikupljati ili zadr\u017eavati podatke o bilo kojoj osobi mla\u0111oj od 15 godina.<\/p>\n<p><strong>Pitanja posjetitelja<\/strong><\/p>\n<p>Ako imate bilo kakvih pitanja ili Vas brine za\u0161tita povjerljivih podataka prilikom kori\u0161tenja mre\u017ene stranice, kontaktirajte nas na <a href=\"mailto:info@corellia.com.hr\">info@corellia.com.hr<\/a>.[\/vc_column_text][\/vc_column][\/vc_row]\n<\/div>","protected":false},"excerpt":{"rendered":"<p>[vc_row][vc_column width=&#8221;1\/4&#8243;][vc_empty_space][vc_single_image image=&#8221;1381&#8243; style=&#8221;vc_box_shadow_3d&#8221;][\/vc_column][vc_column width=&#8221;2\/3&#8243;][vc_column_text]Corellia savjetovanje je dru\u0161tvo koje vodi [&hellip;]<\/p>\n","protected":false},"author":1,"featured_media":0,"parent":355,"menu_order":0,"comment_status":"closed","ping_status":"closed","template":"","meta":{"footnotes":""},"class_list":["post-1287","page","type-page","status-publish","hentry"],"_links":{"self":[{"href":"https:\/\/www.corellia.com.hr\/index.php?rest_route=\/wp\/v2\/pages\/1287","targetHints":{"allow":["GET"]}}],"collection":[{"href":"https:\/\/www.corellia.com.hr\/index.php?rest_route=\/wp\/v2\/pages"}],"about":[{"href":"https:\/\/www.corellia.com.hr\/index.php?rest_route=\/wp\/v2\/types\/page"}],"author":[{"embeddable":true,"href":"https:\/\/www.corellia.com.hr\/index.php?rest_route=\/wp\/v2\/users\/1"}],"replies":[{"embeddable":true,"href":"https:\/\/www.corellia.com.hr\/index.php?rest_route=%2Fwp%2Fv2%2Fcomments&post=1287"}],"version-history":[{"count":4,"href":"https:\/\/www.corellia.com.hr\/index.php?rest_route=\/wp\/v2\/pages\/1287\/revisions"}],"predecessor-version":[{"id":1382,"href":"https:\/\/www.corellia.com.hr\/index.php?rest_route=\/wp\/v2\/pages\/1287\/revisions\/1382"}],"up":[{"embeddable":true,"href":"https:\/\/www.corellia.com.hr\/index.php?rest_route=\/wp\/v2\/pages\/355"}],"wp:attachment":[{"href":"https:\/\/www.corellia.com.hr\/index.php?rest_route=%2Fwp%2Fv2%2Fmedia&parent=1287"}],"curies":[{"name":"wp","href":"https:\/\/api.w.org\/{rel}","templated":true}]}}