{"id":1365,"date":"2018-01-02T10:59:33","date_gmt":"2018-01-02T09:59:33","guid":{"rendered":"http:\/\/www.corellia.com.hr\/?page_id=1365"},"modified":"2021-08-13T22:18:36","modified_gmt":"2021-08-13T21:18:36","slug":"karijera","status":"publish","type":"page","link":"https:\/\/www.corellia.com.hr\/?page_id=1365","title":{"rendered":"Karijera"},"content":{"rendered":"<div class=\"wpb-content-wrapper\">[vc_row][vc_column width=&#8221;1\/4&#8243;][vc_empty_space][vc_single_image image=&#8221;1373&#8243; style=&#8221;vc_box_shadow_3d&#8221;][\/vc_column][vc_column width=&#8221;2\/3&#8243;][vc_column_text]Corellia savjetovanje jedno je od vode\u0107ih dru\u0161tava u RH u podru\u010dju pripreme i provedbe slo\u017eenih projekata u podru\u010djima istra\u017eivanja i razvoja u biomedicini i primjenjenoj kemiji, razvoja \u0161irokopojasne infrastrukture i zdravstvenog turizma.<\/p>\n<p>Na\u0161 uspjeh dugujemo vrhunskim profesionalcima razli\u010ditih profila, izuzetnog znanja i iskustva, sposobnih da sagledaju \u0161iru sliku i razmi\u0161ljaju izvan okvira. Svi zajedno vo\u0111eni smo \u017eeljom da pokrenemo nove, inovativne i zahtjevne projekte za koje drugi mo\u017eda misle da nisu mogu\u0107i, ali mi i na\u0161i klijenti znamo da \u0107e promijeniti na\u0161u svakodnevnicu.<\/p>\n<p>Ako te je ovih par uvodnih re\u010denica zainteresiralo i smatra\u0161 da zajedno sa nama mo\u017ee\u0161 napraviti razliku, predla\u017eemo ti da nam se pridru\u017ei\u0161 kao:<\/p>\n<p><strong>Mla\u0111i savjetnik\/ca (m\/\u017e)<\/strong><\/p>\n<p>Iako se radi o pripravni\u0161tvu (znamo da vjerojatno nema\u0161 radnog iskustva), obe\u0107ajemo da ne\u0107e\u0161 kopirati dokumente, slati po\u0161tu i kuhati kave. To radimo sami. \u017delimo da od prvog dana krene\u0161 u pripremu projekata u\u010de\u0107i od najboljih.<\/p>\n<p>Tko si ti?<\/p>\n<p>Zavr\u0161io\/la si fakultet (300 ECTS bodova), a ako si zavr\u0161io\/la i te\u010daj za Voditelja izrade i provedbe projekata financiranih iz EU fondova, to \u0107e ti biti prednost. Dobro poznavanje engleskog jezika i Worda se podrazumijeva.<\/p>\n<p>Ako si kojim slu\u010dajem iskusio\/la sve izazove koje nosi priprema i\/ili provedba EU projekta ili ve\u0107 3 godine radi\u0161 na nekim drugim projektima, javi nam se jer tra\u017eimo:<\/p>\n<p><strong>Mla\u0111eg\/u voditelja\/icu projekata (m\/\u017e)<\/strong><\/p>\n<p>Naravno, mora\u0161 imati zavr\u0161en fakultet (300 ECTS bodova), a zavr\u0161en te\u010daj za Voditelja izrade i provedbe projekata financiranih iz EU fondova biti \u0107e ti prednost. Osim toga, ako posjeduje\u0161 va\u017ee\u0107i certifikat u podru\u010dju javne nabave, to \u0107e ti tako\u0111er biti prednost.<\/p>\n<p>Od tebe o\u010dekujemo da se izvrsno slu\u017ei\u0161 engleskim jezikom, da se dobro slu\u017ei\u0161 Word-om, ali jo\u0161 bolje Excel-om, te da posjeduje\u0161 voza\u010dku dozvolu B kategorije.<\/p>\n<p>\u0160to nudimo?<\/p>\n<div class=\"su-list\" style=\"margin-left:0px\">\n<ul>\n<li><i class=\"sui sui-angle-right\" style=\"color:#333\"><\/i> Sudjelovanje u pripremi i provedbi nekih od najslo\u017eenijih inovativnih projekata u RH<\/li>\n<li><i class=\"sui sui-angle-right\" style=\"color:#333\"><\/i> Pozitivno radno okru\u017eenje i kvalitetne me\u0111uljudske odnose na radnom mjestu<\/li>\n<li><i class=\"sui sui-angle-right\" style=\"color:#333\"><\/i> Priliku za osobni, profesionalni razvoj i u\u010denje<\/li>\n<li><i class=\"sui sui-angle-right\" style=\"color:#333\"><\/i> Profesionalno umre\u017eavanje<\/li>\n<li><i class=\"sui sui-angle-right\" style=\"color:#333\"><\/i> Redovno zaposlenje uz probni rok od 3 mjeseca ili drugi fleksibilniji ugovorni oblik zapo\u0161ljavanja<\/li>\n<li><i class=\"sui sui-angle-right\" style=\"color:#333\"><\/i> Hibridni na\u010din rada (kombinacija rada od ku\u0107e i iz ureda)<\/li>\n<\/ul>\n<\/div>\n<p>\u0160to sad?<\/p>\n<p>Ako se prepoznaje\u0161 u prije navedenim opisima i ako smatra\u0161 da si organizirana osoba koja preuzima inicijativu i odgovornost, ali razmi\u0161lja\u0161 izvan okvira i nema\u0161 problema izre\u0107i svoje mi\u0161ljenje tada bismo te voljeli upoznati.<\/p>\n<p>Po\u0161alji nam molbu i \u017eivotopis (u kojima nam jasno istakni svoje klju\u010dne kompetencije), te navedi i barem jednu kontakt osobu za preporuku koju \u0107emo kontaktirati po potrebi. Bilo bi dobro da to napravi\u0161 <strong>najkasnije do 30.9.2021.<\/strong> putem email adrese <a href=\"mailto:posao@corellia.com.hr\">posao@corellia.com.hr<\/a><\/p>\n<p>Veselimo se tvojoj prijavi![\/vc_column_text][vc_column_text][\/vc_column][\/vc_row]\n<\/div>","protected":false},"excerpt":{"rendered":"<p>[vc_row][vc_column width=&#8221;1\/4&#8243;][vc_empty_space][vc_single_image image=&#8221;1373&#8243; style=&#8221;vc_box_shadow_3d&#8221;][\/vc_column][vc_column width=&#8221;2\/3&#8243;][vc_column_text]Corellia savjetovanje jedno je od vode\u0107ih [&hellip;]<\/p>\n","protected":false},"author":1,"featured_media":0,"parent":0,"menu_order":0,"comment_status":"closed","ping_status":"closed","template":"","meta":{"footnotes":""},"class_list":["post-1365","page","type-page","status-publish","hentry"],"_links":{"self":[{"href":"https:\/\/www.corellia.com.hr\/index.php?rest_route=\/wp\/v2\/pages\/1365","targetHints":{"allow":["GET"]}}],"collection":[{"href":"https:\/\/www.corellia.com.hr\/index.php?rest_route=\/wp\/v2\/pages"}],"about":[{"href":"https:\/\/www.corellia.com.hr\/index.php?rest_route=\/wp\/v2\/types\/page"}],"author":[{"embeddable":true,"href":"https:\/\/www.corellia.com.hr\/index.php?rest_route=\/wp\/v2\/users\/1"}],"replies":[{"embeddable":true,"href":"https:\/\/www.corellia.com.hr\/index.php?rest_route=%2Fwp%2Fv2%2Fcomments&post=1365"}],"version-history":[{"count":25,"href":"https:\/\/www.corellia.com.hr\/index.php?rest_route=\/wp\/v2\/pages\/1365\/revisions"}],"predecessor-version":[{"id":2080,"href":"https:\/\/www.corellia.com.hr\/index.php?rest_route=\/wp\/v2\/pages\/1365\/revisions\/2080"}],"wp:attachment":[{"href":"https:\/\/www.corellia.com.hr\/index.php?rest_route=%2Fwp%2Fv2%2Fmedia&parent=1365"}],"curies":[{"name":"wp","href":"https:\/\/api.w.org\/{rel}","templated":true}]}}