{"id":2,"date":"2014-01-23T23:05:41","date_gmt":"2014-01-23T22:05:41","guid":{"rendered":"http:\/\/www.corellia.com.hr\/?page_id=2"},"modified":"2025-07-25T14:22:11","modified_gmt":"2025-07-25T13:22:11","slug":"sample-page","status":"publish","type":"page","link":"https:\/\/www.corellia.com.hr\/","title":{"rendered":"Corellia savjetovanje"},"content":{"rendered":"<div class=\"wpb-content-wrapper\">[vc_row][vc_column width=&#8221;2\/3&#8243;][vc_row_inner][vc_column_inner width=&#8221;1\/2&#8243;][vc_single_image image=&#8221;2105&#8243; img_size=&#8221;medium&#8221; style=&#8221;vc_box_shadow_3d&#8221; onclick=&#8221;custom_link&#8221; link=&#8221;https:\/\/www.corellia.com.hr\/?page_id=565&#8243;][\/vc_column_inner][vc_column_inner width=&#8221;1\/2&#8243;][vc_custom_heading text=&#8221;Razvoj \u0161irokopojasne infrastrukture&#8221; use_theme_fonts=&#8221;yes&#8221; link=&#8221;url:http%3A%2F%2Fwww.corellia.com.hr%2F%3Fpage_id%3D565||&#8221;][vc_column_text]Projekti razvoja \u0161irokopojasne infrastrukture uz podr\u0161ku fondova EU i\/ili uz sufinanciranje privatnim kapitalom[\/vc_column_text][vc_btn title=&#8221;Vi\u0161e&#8221; color=&#8221;mulled-wine&#8221; link=&#8221;url:http%3A%2F%2Fwww.corellia.com.hr%2F%3Fpage_id%3D565||&#8221;][\/vc_column_inner][\/vc_row_inner][vc_row_inner][vc_column_inner width=&#8221;1\/2&#8243;][vc_single_image image=&#8221;1965&#8243; img_size=&#8221;medium&#8221; style=&#8221;vc_box_shadow_3d&#8221; onclick=&#8221;custom_link&#8221; link=&#8221;https:\/\/www.corellia.com.hr\/?page_id=1913&#8243;][\/vc_column_inner][vc_column_inner width=&#8221;1\/2&#8243;][vc_custom_heading text=&#8221;Refinanciranje postoje\u0107ih kreditnih obveza&#8221; use_theme_fonts=&#8221;yes&#8221; link=&#8221;url:http%3A%2F%2Fwww.corellia.com.hr%2F%3Fpage_id%3D1913|title:Refinanciranje||&#8221;][vc_column_text]Refinanciranjem postoje\u0107ih kreditnih obveza za investicije ili obrtna sredstva smanjuje se ukupni kamatni tro\u0161ak ili pritisak na likvidnost dru\u0161tva[\/vc_column_text][vc_btn title=&#8221;Vi\u0161e&#8221; color=&#8221;mulled-wine&#8221; link=&#8221;url:http%3A%2F%2Fwww.corellia.com.hr%2F%3Fpage_id%3D1913|title:Refinanciranje||&#8221;][\/vc_column_inner][\/vc_row_inner][vc_row_inner][vc_column_inner width=&#8221;1\/2&#8243;][vc_single_image image=&#8221;1955&#8243; img_size=&#8221;medium&#8221; style=&#8221;vc_box_shadow_3d&#8221; onclick=&#8221;custom_link&#8221; link=&#8221;https:\/\/www.corellia.com.hr\/?page_id=1915&#8243;][\/vc_column_inner][vc_column_inner width=&#8221;1\/2&#8243;][vc_custom_heading text=&#8221;Dokapitalizacija dru\u0161tva&#8221; use_theme_fonts=&#8221;yes&#8221; link=&#8221;url:http%3A%2F%2Fwww.corellia.com.hr%2F%3Fpage_id%3D1915|title:Dokapitalizacija||&#8221;][vc_column_text]Dokapitalizacijom dru\u0161tva ja\u010da se sposobnost dru\u0161tva za sna\u017eniji rast na tr\u017ei\u0161tu ili otpornost dru\u0161tva tijekom ekonomskih nestabilnosti[\/vc_column_text][vc_btn title=&#8221;Vi\u0161e&#8221; color=&#8221;mulled-wine&#8221; link=&#8221;url:http%3A%2F%2Fwww.corellia.com.hr%2F%3Fpage_id%3D1915|title:Dokapitalizacija||&#8221;][\/vc_column_inner][\/vc_row_inner][vc_row_inner][vc_column_inner width=&#8221;1\/2&#8243;][vc_single_image image=&#8221;974&#8243; img_size=&#8221;medium&#8221; style=&#8221;vc_box_shadow_3d&#8221;][\/vc_column_inner][vc_column_inner width=&#8221;1\/2&#8243;][vc_custom_heading text=&#8221;Strategija razvoja pametnih gradova&#8221; use_theme_fonts=&#8221;yes&#8221;][vc_column_text]Izrada strategije razvoja pametnih gradova poma\u017ee gradovima strukturirati projekte iz podru\u010dja o\u010duvanja resursa, pove\u0107anja kvalitete \u017eivota, te pove\u0107anja inovativnosti sa ciljem pripreme projekata za natje\u010daje za financiranje kroz integrirana teritorijalna ulaganja (ITU).[\/vc_column_text][vc_btn title=&#8221;Vi\u0161e&#8221; color=&#8221;mulled-wine&#8221; link=&#8221;url:http%3A%2F%2Fwww.corellia.com.hr%2F%3Fpage_id%3D967|||&#8221;][\/vc_column_inner][\/vc_row_inner][vc_row_inner][vc_column_inner width=&#8221;1\/2&#8243;][vc_single_image image=&#8221;2111&#8243; img_size=&#8221;medium&#8221; style=&#8221;vc_box_shadow_3d&#8221; onclick=&#8221;custom_link&#8221; link=&#8221;https:\/\/www.corellia.com.hr\/?page_id=2118&#8243;][\/vc_column_inner][vc_column_inner width=&#8221;1\/2&#8243;][vc_custom_heading text=&#8221;Veliki infrastrukturni projekti&#8221; use_theme_fonts=&#8221;yes&#8221; link=&#8221;url:http%3A%2F%2Fwww.corellia.com.hr%2F%3Fpage_id%3D2118&#8243;][vc_column_text]Slo\u017eene projekte izgradnje infrastrukture mogu\u0107e je financirati uz podr\u0161ku infrastrukturnih fondova i fondova rizi\u010dnog kapitala, a ne samo sredstvima EU.[\/vc_column_text][vc_btn title=&#8221;Vi\u0161e&#8221; color=&#8221;mulled-wine&#8221; link=&#8221;url:http%3A%2F%2Fwww.corellia.com.hr%2F%3Fpage_id%3D2118&#8243;][\/vc_column_inner][\/vc_row_inner][vc_row_inner][vc_column_inner width=&#8221;1\/2&#8243;][vc_single_image image=&#8221;1314&#8243; img_size=&#8221;medium&#8221; style=&#8221;vc_box_shadow_3d&#8221; onclick=&#8221;custom_link&#8221; link=&#8221;https:\/\/www.corellia.com.hr\/?page_id=673&#8243;][\/vc_column_inner][vc_column_inner width=&#8221;1\/2&#8243;][vc_custom_heading text=&#8221;Energetska obnova zgrada i obnovljivi izvori energije&#8221; use_theme_fonts=&#8221;yes&#8221; link=&#8221;url:http%3A%2F%2Fwww.corellia.com.hr%2F%3Fpage_id%3D673||&#8221;][vc_column_text]Projekti energetske obnove zgrada i kori\u0161tenja obnovljivih izvora energije u javnim ustanovama koje obavljaju djelatnost odgoja i obrazovanja uz podr\u0161ku fondova EU i sufinanciranje Fonda za za\u0161titu okoli\u0161a i energetsku u\u010dinkovitost[\/vc_column_text][vc_btn title=&#8221;Vi\u0161e&#8221; color=&#8221;mulled-wine&#8221; link=&#8221;url:http%3A%2F%2Fwww.corellia.com.hr%2F%3Fpage_id%3D673||&#8221;][\/vc_column_inner][\/vc_row_inner][vc_row_inner][vc_column_inner width=&#8221;1\/2&#8243;][vc_single_image image=&#8221;1313&#8243; img_size=&#8221;medium&#8221; style=&#8221;vc_box_shadow_3d&#8221; onclick=&#8221;custom_link&#8221; link=&#8221;https:\/\/www.corellia.com.hr\/?page_id=784&#8243;][\/vc_column_inner][vc_column_inner width=&#8221;1\/2&#8243;][vc_custom_heading text=&#8221;Obnova kulturne ba\u0161tine&#8221; use_theme_fonts=&#8221;yes&#8221; link=&#8221;url:http%3A%2F%2Fwww.corellia.com.hr%2F%3Fpage_id%3D784||&#8221;][vc_column_text]Projekti obnove kulturne ba\u0161tine uz podr\u0161ku strukturnih fondova EU i Interreg programa.[\/vc_column_text][vc_btn title=&#8221;Vi\u0161e&#8221; color=&#8221;mulled-wine&#8221; link=&#8221;url:http%3A%2F%2Fwww.corellia.com.hr%2F%3Fpage_id%3D784||&#8221;][\/vc_column_inner][\/vc_row_inner][\/vc_column][\/vc_row][vc_row][vc_column width=&#8221;1\/4&#8243;][vc_single_image image=&#8221;687&#8243; img_size=&#8221;medium&#8221; onclick=&#8221;custom_link&#8221; img_link_target=&#8221;_blank&#8221; link=&#8221;http:\/\/www.inteligentnaenergija.hr&#8221;][vc_column_text]Corellia savjetovanje je \u010dlanica klastera Inteligentna energija.[\/vc_column_text][vc_single_image image=&#8221;2230&#8243; img_size=&#8221;full&#8221;][vc_column_text]Corellia savjetovanje je krajnji primatelj \ufb01nancijskog instrumenta su\ufb01nanciranog iz Europskog fonda za regionalni razvoj u sklopu Operativnog programa &#8220;Konkurentnost i kohezija&#8221;.[\/vc_column_text][\/vc_column][\/vc_row]\n<\/div>","protected":false},"excerpt":{"rendered":"<p>[vc_row][vc_column width=&#8221;2\/3&#8243;][vc_row_inner][vc_column_inner width=&#8221;1\/2&#8243;][vc_single_image image=&#8221;2105&#8243; img_size=&#8221;medium&#8221; style=&#8221;vc_box_shadow_3d&#8221; onclick=&#8221;custom_link&#8221; link=&#8221;https:\/\/www.corellia.com.hr\/?page_id=565&#8243;][\/vc_column_inner][vc_column_inner width=&#8221;1\/2&#8243;][vc_custom_heading text=&#8221;Razvoj [&hellip;]<\/p>\n","protected":false},"author":1,"featured_media":328,"parent":0,"menu_order":0,"comment_status":"closed","ping_status":"closed","template":"","meta":{"footnotes":""},"class_list":["post-2","page","type-page","status-publish","has-post-thumbnail","hentry"],"_links":{"self":[{"href":"https:\/\/www.corellia.com.hr\/index.php?rest_route=\/wp\/v2\/pages\/2","targetHints":{"allow":["GET"]}}],"collection":[{"href":"https:\/\/www.corellia.com.hr\/index.php?rest_route=\/wp\/v2\/pages"}],"about":[{"href":"https:\/\/www.corellia.com.hr\/index.php?rest_route=\/wp\/v2\/types\/page"}],"author":[{"embeddable":true,"href":"https:\/\/www.corellia.com.hr\/index.php?rest_route=\/wp\/v2\/users\/1"}],"replies":[{"embeddable":true,"href":"https:\/\/www.corellia.com.hr\/index.php?rest_route=%2Fwp%2Fv2%2Fcomments&post=2"}],"version-history":[{"count":144,"href":"https:\/\/www.corellia.com.hr\/index.php?rest_route=\/wp\/v2\/pages\/2\/revisions"}],"predecessor-version":[{"id":2439,"href":"https:\/\/www.corellia.com.hr\/index.php?rest_route=\/wp\/v2\/pages\/2\/revisions\/2439"}],"wp:featuredmedia":[{"embeddable":true,"href":"https:\/\/www.corellia.com.hr\/index.php?rest_route=\/wp\/v2\/media\/328"}],"wp:attachment":[{"href":"https:\/\/www.corellia.com.hr\/index.php?rest_route=%2Fwp%2Fv2%2Fmedia&parent=2"}],"curies":[{"name":"wp","href":"https:\/\/api.w.org\/{rel}","templated":true}]}}