{"id":2118,"date":"2021-08-14T23:30:19","date_gmt":"2021-08-14T22:30:19","guid":{"rendered":"https:\/\/www.corellia.com.hr\/?page_id=2118"},"modified":"2021-08-14T23:43:25","modified_gmt":"2021-08-14T22:43:25","slug":"financiranje-slozenih-infrastrukturnih-projekata","status":"publish","type":"page","link":"https:\/\/www.corellia.com.hr\/?page_id=2118","title":{"rendered":"Financiranje slo\u017eenih infrastrukturnih projekata"},"content":{"rendered":"<div class=\"wpb-content-wrapper\">[vc_row][vc_column width=&#8221;1\/4&#8243;][vc_empty_space][vc_single_image image=&#8221;2119&#8243; style=&#8221;vc_box_shadow_3d&#8221;][\/vc_column][vc_column width=&#8221;2\/3&#8243;][vc_column_text]Ustaljena je praksa da velike infrastrukturne projekte, poput izgradnje mostova, autocesta, zra\u010dnih i morskih luka, plinovoda, ve\u0107ih energetskih objekata, pokre\u0107e dr\u017eava (ili \u017eupanije i jedinice lokalne samouprave ili dr\u017eavne tvrtke poput HEP-a, OiV-a ili HAC-a). Tako\u0111er naj\u010de\u0161\u0107e ih se financira kreditnim zadu\u017eivanjem i iz sredi\u0161njeg prora\u010duna (dakle, opet kreditnim zadu\u017eivanjem). Naravno, neke od tih infrastrukturnih projekata mogu\u0107e je sufinancirati i sredstvima EU (npr. Pelje\u0161ki most). Me\u0111utim EU sredstva pokrivaju do maksimalno 85% prihvatljivih sredstava i njima se na\u010delno ne mogu financirati projekti u kojima infrastruktura pokazuje jasnu isplativost (npr. geotermalne elektrane ili \u0161irokopojasna infrastruktura u tzv. sivim podru\u010djima).<\/p>\n<p>Nadalje proces EU sufinanciranja projekata pokazao se kao iznimno dug i administrativno slo\u017een (da budemo blagi sa izborom rije\u010di), kako zbog &#8220;brzine&#8221; objave natje\u010daja od strane relevantnih ministarstava, tako i zbog svih &#8220;ljepota&#8221; javne nabave koja, zbog nedore\u010denosti Zakona o javnoj nabavi (npr. mogu\u0107nost beskona\u010dnih \u017ealbi) i &#8220;specifi\u010dnog&#8221; tuma\u010denja istog od strane SAFU, mo\u017ee cijeli projekt ugroziti i vremenski i likvidnosno (zbog famoznih korekcija SAFU).<\/p>\n<p>Zbog svega toga vam \u017eelimo skrenuti pa\u017enju na &#8220;alternativni&#8221; na\u010din financiranja, a on se &#8220;zove&#8221; financiranje infrastrukturnih projekata sredstvima privatnih infrastrukturnih fondova i\/ili sredstvima fondova rizi\u010dnog kapitala. Naime ovakav na\u010din financiranja infrastrukturnih projekata je dominantan u Europi, SAD i Velikoj Britaniji.<\/p>\n<p>Ukoliko pripremate ve\u0107i infrastrukturni projekt predla\u017eemo vam da nam se javite bez bilo kakve obveze kako bismo se upoznali sa klju\u010dnim aspektima va\u0161eg projekta i zajedno prodiskutirali da li bi isti mogao pobuditi interes me\u0111u institucionalnim investitorima u Europi, SAD i Velikoj Britaniji, te \u0161to je jo\u0161 potrebno odraditi da bi se ostvarilo ovakvo financiranje. Slobodno nam se obratite sa svim pitanjima putem e-mail adrese <a href=\"mailto:infrastructure@corellia.com.hr\">infrastructure@corellia.com.hr<\/a>.<\/p>\n<p>PS. Sigurno se pitate za\u0161to bi odabrali Corellia savjetovanje da bude va\u0161 savjetnik u ovom iznimno slo\u017eenom procesu. Prvenstveno zato \u0161to na\u0161i stru\u010dnjaci dolaze iz svijeta financija i imaju dugogodi\u0161nje kontakte sa vode\u0107im institucionalnim investitorima u RH, Europi, SAD i Velikoj Britaniji. Tako\u0111er, pomogli smo, kao savjetnici, gradovima u Istarskoj \u017eupaniji (Buzet, Buje, Novigrad, Pazin) u pregovorima sa infrastrukturnim fondom CEBF koji trenutno provodi investiciju od 60 mio \u20ac.[\/vc_column_text][\/vc_column][\/vc_row]\n<\/div>","protected":false},"excerpt":{"rendered":"<p>[vc_row][vc_column width=&#8221;1\/4&#8243;][vc_empty_space][vc_single_image image=&#8221;2119&#8243; style=&#8221;vc_box_shadow_3d&#8221;][\/vc_column][vc_column width=&#8221;2\/3&#8243;][vc_column_text]Ustaljena je praksa da velike infrastrukturne [&hellip;]<\/p>\n","protected":false},"author":1,"featured_media":0,"parent":0,"menu_order":0,"comment_status":"closed","ping_status":"closed","template":"","meta":{"footnotes":""},"class_list":["post-2118","page","type-page","status-publish","hentry"],"_links":{"self":[{"href":"https:\/\/www.corellia.com.hr\/index.php?rest_route=\/wp\/v2\/pages\/2118","targetHints":{"allow":["GET"]}}],"collection":[{"href":"https:\/\/www.corellia.com.hr\/index.php?rest_route=\/wp\/v2\/pages"}],"about":[{"href":"https:\/\/www.corellia.com.hr\/index.php?rest_route=\/wp\/v2\/types\/page"}],"author":[{"embeddable":true,"href":"https:\/\/www.corellia.com.hr\/index.php?rest_route=\/wp\/v2\/users\/1"}],"replies":[{"embeddable":true,"href":"https:\/\/www.corellia.com.hr\/index.php?rest_route=%2Fwp%2Fv2%2Fcomments&post=2118"}],"version-history":[{"count":2,"href":"https:\/\/www.corellia.com.hr\/index.php?rest_route=\/wp\/v2\/pages\/2118\/revisions"}],"predecessor-version":[{"id":2126,"href":"https:\/\/www.corellia.com.hr\/index.php?rest_route=\/wp\/v2\/pages\/2118\/revisions\/2126"}],"wp:attachment":[{"href":"https:\/\/www.corellia.com.hr\/index.php?rest_route=%2Fwp%2Fv2%2Fmedia&parent=2118"}],"curies":[{"name":"wp","href":"https:\/\/api.w.org\/{rel}","templated":true}]}}