{"id":221,"date":"2014-11-13T18:49:04","date_gmt":"2014-11-13T17:49:04","guid":{"rendered":"http:\/\/www.corellia.com.hr\/?page_id=221"},"modified":"2023-02-18T21:15:04","modified_gmt":"2023-02-18T20:15:04","slug":"profesionalne-usluge","status":"publish","type":"page","link":"https:\/\/www.corellia.com.hr\/?page_id=221","title":{"rendered":"Profesionalne usluge"},"content":{"rendered":"<div class=\"wpb-content-wrapper\">[vc_row][vc_column width=&#8221;1\/4&#8243;][vc_empty_space][vc_single_image image=&#8221;1004&#8243; style=&#8221;vc_box_shadow_3d&#8221;][\/vc_column][vc_column width=&#8221;1\/2&#8243;][vc_column_text]Kao nezavisna savjetodavna tvrtka, mi smo usmjereni na Va\u0161 uspjeh i zajedno sa Vama provodimo promjene koje \u0107e poslovni model Va\u0161e tvrtke ili ustanove u\u010diniti odr\u017eivim i profitabilnim. Na\u0161i stru\u010dnjaci\u00a0daju prakti\u010dne savjete, komuniciraju\u00a0direktno i ne oklijevaju pri provo\u0111enju promjena\u00a0jer\u00a0vjerujemo da je za uspjeh potrebna hrabrost, ali i odlu\u010dnost.\u00a0I strast da se uspije kad drugi ne vjeruju.<\/p>\n<p>Stru\u010dnjaci Corellia savjetovanja, koriste\u0107i svoje iznimno iskustvo i specijalisti\u010dka znanja stjecana u regionalnim i globalnim tvrtkama, mogu pomo\u0107i i Va\u0161oj tvrtki ili ustanovi da se br\u017ee prilagodi zahtjevnim tr\u017ei\u0161nim uvjetima.[\/vc_column_text][vc_tta_tabs style=&#8221;modern&#8221; gap=&#8221;1&#8243; active_section=&#8221;1&#8243;][vc_tta_section title=&#8221;Upravljanje&#8221; tab_id=&#8221;1480289307620-9e7a6616-e2ef&#8221;][vc_column_text]\n<ul>\n<li>savjetovanje uprave i vlasnika<\/li>\n<li>outsourcing \u010dlanova uprave<\/li>\n<li>pregled rada uprave<\/li>\n<li>pregled rada menad\u017ementa<\/li>\n<\/ul>\n[\/vc_column_text][\/vc_tta_section][vc_tta_section title=&#8221;Poslovanje&#8221; tab_id=&#8221;1480289379353-456c6ab4-9709&#8243;][vc_column_text]\n<ul>\n<li>pregled i razvoj poslovne strategije<\/li>\n<li>pregled poslovanja<\/li>\n<li>pregled nabave i razvoj strate\u0161ke nabave<\/li>\n<li>outsourcing strate\u0161ke nabave<\/li>\n<\/ul>\n[\/vc_column_text][\/vc_tta_section][vc_tta_section title=&#8221;Financiranje&#8221; tab_id=&#8221;1628887558886-f6007148-f17d&#8221;][vc_column_text]\n<ul>\n<li>pregled i analiza financijskog poslovanja<\/li>\n<li><\/li>\n<li><a href=\"https:\/\/www.corellia.com.hr\/?page_id=1913\">refinanciranje postoje\u0107ih kreditnih obveza<\/a><\/li>\n<li><a href=\"https:\/\/www.corellia.com.hr\/?page_id=1915\">dokapitalizacija dru\u0161tva<\/a><\/li>\n<\/ul>\n[\/vc_column_text][\/vc_tta_section][vc_tta_section title=&#8221;Projekti&#8221; tab_id=&#8221;1480289803747-8adc43df-32eb&#8221;][vc_column_text]\n<ul>\n<li>postavljanje i strukturiranje investicijskih i razvojnih projekata<\/li>\n<li>upravljanje projektima<\/li>\n<li>revizija projekata<\/li>\n<\/ul>\n[\/vc_column_text][\/vc_tta_section][vc_tta_section title=&#8221;Energija&#8221; tab_id=&#8221;1480288922957-17d9782d-cb90&#8243;][vc_column_text]\n<ul>\n<li>postavljanje i strukturiranje projekata u podru\u010djima obnovljivih izvora energije i energetske u\u010dinkovitosti<\/li>\n<li>savjetovanje vezano za financiranje energetskih projekata<\/li>\n<\/ul>\n[\/vc_column_text][\/vc_tta_section][vc_tta_section title=&#8221;ICT&#8221; tab_id=&#8221;1480288923028-d584307d-8abc&#8221;][vc_column_text]\n<ul>\n<li>savjetovanje vezano uz postavljanje i upotrebu naprednih IT tehnologija<\/li>\n<li>pregled i razvoj IT\u00a0strategije<\/li>\n<li>pra\u0107enje postavljanja\u00a0IT sustava<\/li>\n<\/ul>\n[\/vc_column_text][\/vc_tta_section][\/vc_tta_tabs][vc_column_text]Ukoliko ste zainteresirani za vi\u0161e informacija kako neka od ovih usluga mo\u017ee pomo\u0107i poslovanju Va\u0161e tvrtke, slobodno nas kontaktirajte na <a href=\"mailto:neven.kaic@corellia.com.hr\">neven.kaic@corellia.com.hr<\/a>.[\/vc_column_text][\/vc_column][vc_column width=&#8221;1\/4&#8243;][vc_column_text]<strong>&#8220;An investment in knowledge pays the best interest.&#8221;<\/strong> &#8211; Benjamin Franklin[\/vc_column_text][\/vc_column][\/vc_row]\n<\/div>","protected":false},"excerpt":{"rendered":"<p>[vc_row][vc_column width=&#8221;1\/4&#8243;][vc_empty_space][vc_single_image image=&#8221;1004&#8243; style=&#8221;vc_box_shadow_3d&#8221;][\/vc_column][vc_column width=&#8221;1\/2&#8243;][vc_column_text]Kao nezavisna savjetodavna tvrtka, mi smo [&hellip;]<\/p>\n","protected":false},"author":1,"featured_media":0,"parent":0,"menu_order":0,"comment_status":"closed","ping_status":"closed","template":"","meta":{"footnotes":""},"class_list":["post-221","page","type-page","status-publish","hentry"],"_links":{"self":[{"href":"https:\/\/www.corellia.com.hr\/index.php?rest_route=\/wp\/v2\/pages\/221","targetHints":{"allow":["GET"]}}],"collection":[{"href":"https:\/\/www.corellia.com.hr\/index.php?rest_route=\/wp\/v2\/pages"}],"about":[{"href":"https:\/\/www.corellia.com.hr\/index.php?rest_route=\/wp\/v2\/types\/page"}],"author":[{"embeddable":true,"href":"https:\/\/www.corellia.com.hr\/index.php?rest_route=\/wp\/v2\/users\/1"}],"replies":[{"embeddable":true,"href":"https:\/\/www.corellia.com.hr\/index.php?rest_route=%2Fwp%2Fv2%2Fcomments&post=221"}],"version-history":[{"count":41,"href":"https:\/\/www.corellia.com.hr\/index.php?rest_route=\/wp\/v2\/pages\/221\/revisions"}],"predecessor-version":[{"id":2413,"href":"https:\/\/www.corellia.com.hr\/index.php?rest_route=\/wp\/v2\/pages\/221\/revisions\/2413"}],"wp:attachment":[{"href":"https:\/\/www.corellia.com.hr\/index.php?rest_route=%2Fwp%2Fv2%2Fmedia&parent=221"}],"curies":[{"name":"wp","href":"https:\/\/api.w.org\/{rel}","templated":true}]}}