{"id":264,"date":"2015-04-29T12:55:23","date_gmt":"2015-04-29T11:55:23","guid":{"rendered":"http:\/\/www.corellia.com.hr\/?page_id=264"},"modified":"2017-05-01T23:26:48","modified_gmt":"2017-05-01T22:26:48","slug":"neven-kaic","status":"publish","type":"page","link":"https:\/\/www.corellia.com.hr\/?page_id=264","title":{"rendered":"Neven Kai\u0107"},"content":{"rendered":"<div class=\"wpb-content-wrapper\">[vc_row][vc_column width=&#8221;1\/4&#8243;][vc_empty_space][vc_single_image image=&#8221;267&#8243; style=&#8221;vc_box_shadow_3d&#8221;][\/vc_column][vc_column width=&#8221;2\/3&#8243;][vc_column_text]<strong>Radno iskustvo:<\/strong><\/p>\n<p>Otkada je po\u010deo raditi kao voditelj informatike Dresdner banke u Zagrebu pa sve do mjesta Direktora prodaje riznice za jugoisto\u010dnu Europu u Erste Group Bank AG, Neven Kai\u0107 se ne mo\u017ee rije\u0161iti financijskog sektora te je do danas prikupio vi\u0161e od 20 godina odgovaraju\u0107eg iskustva. Najdublju krizu identiteta je iskusio na mjestu predsjednika Udru\u017eenja za poslovanje i posredovanje na financijskim tr\u017ei\u0161tima pri Hrvatskoj gospodarskoj komori. Na kraju je odustao od besmislenog otpora te se uhvatio u ko\u0161tac sa svim modalitetima financiranja i upravljanja projektima (nama, njegovim kolegama, se \u010dini da mu je ovo tajna strast). Poku\u0161ava se predstaviti kao cinik, ali ne mo\u017ee spavati kada se klijentima ne poklapaju brojke. U stvari je neizlje\u010divi entuzijast: \u0161alje e-mailove i Skype poruke do duboko u no\u0107 i ne razumije za\u0161to mu nitko ne odgovara.<\/p>\n<p><strong>Kompetencije: <\/strong><\/p>\n<p>Strukturni EU fondovi, financiranje projekata, korporativne financije, primarna i sekundarna tr\u017ei\u0161ta vrijednosnih papira, upravljanje projektima, implementacija informati\u010dkih tehnologija, poslovni procesi. Magistar elektrotehnike, MBA s Henley Management College.[\/vc_column_text][\/vc_column][\/vc_row][vc_row][vc_column][vc_column_text]\n[\/vc_column_text][\/vc_column][\/vc_row]\n<\/div>","protected":false},"excerpt":{"rendered":"<p>[vc_row][vc_column width=&#8221;1\/4&#8243;][vc_empty_space][vc_single_image image=&#8221;267&#8243; style=&#8221;vc_box_shadow_3d&#8221;][\/vc_column][vc_column width=&#8221;2\/3&#8243;][vc_column_text]Radno iskustvo: Otkada je po\u010deo raditi [&hellip;]<\/p>\n","protected":false},"author":1,"featured_media":0,"parent":293,"menu_order":0,"comment_status":"closed","ping_status":"closed","template":"","meta":{"footnotes":""},"class_list":["post-264","page","type-page","status-publish","hentry"],"_links":{"self":[{"href":"https:\/\/www.corellia.com.hr\/index.php?rest_route=\/wp\/v2\/pages\/264","targetHints":{"allow":["GET"]}}],"collection":[{"href":"https:\/\/www.corellia.com.hr\/index.php?rest_route=\/wp\/v2\/pages"}],"about":[{"href":"https:\/\/www.corellia.com.hr\/index.php?rest_route=\/wp\/v2\/types\/page"}],"author":[{"embeddable":true,"href":"https:\/\/www.corellia.com.hr\/index.php?rest_route=\/wp\/v2\/users\/1"}],"replies":[{"embeddable":true,"href":"https:\/\/www.corellia.com.hr\/index.php?rest_route=%2Fwp%2Fv2%2Fcomments&post=264"}],"version-history":[{"count":7,"href":"https:\/\/www.corellia.com.hr\/index.php?rest_route=\/wp\/v2\/pages\/264\/revisions"}],"predecessor-version":[{"id":1220,"href":"https:\/\/www.corellia.com.hr\/index.php?rest_route=\/wp\/v2\/pages\/264\/revisions\/1220"}],"up":[{"embeddable":true,"href":"https:\/\/www.corellia.com.hr\/index.php?rest_route=\/wp\/v2\/pages\/293"}],"wp:attachment":[{"href":"https:\/\/www.corellia.com.hr\/index.php?rest_route=%2Fwp%2Fv2%2Fmedia&parent=264"}],"curies":[{"name":"wp","href":"https:\/\/api.w.org\/{rel}","templated":true}]}}