{"id":271,"date":"2015-04-29T12:58:02","date_gmt":"2015-04-29T11:58:02","guid":{"rendered":"http:\/\/www.corellia.com.hr\/?page_id=271"},"modified":"2017-05-01T15:07:27","modified_gmt":"2017-05-01T14:07:27","slug":"davor-katalinic","status":"publish","type":"page","link":"https:\/\/www.corellia.com.hr\/?page_id=271","title":{"rendered":"Davor Katalini\u0107"},"content":{"rendered":"<div class=\"wpb-content-wrapper\">[vc_row][vc_column width=&#8221;1\/4&#8243;][vc_empty_space][vc_single_image image=&#8221;265&#8243; style=&#8221;vc_box_shadow_3d&#8221;][\/vc_column][vc_column width=&#8221;2\/3&#8243;][vc_column_text]\n<p><strong>Radno iskustvo:<\/strong><\/p>\n<p>Davor Katalini\u0107 je zaboravio o maloprodaji vi\u0161e nego \u0161to ve\u0107ina ljudi ikada sazna. Karijeru je zapo\u010deo u sektoru automatizacije poslovnih procesa i vo\u0111enja projekata, a zatim je uronio u maloprodaju te izronio kao \u010dlan uprave raznih poduze\u0107a u sastavu grupe Metro AG, uklju\u010duju\u0107i i Metro Austria. Kao biv\u0161i voditelj nabave na razini grupe Metro AG, Davor je idealan \u010dovjek za provjeru prodajnih sposobnosti \u2013 ukoliko njemu uspijete ne\u0161to prodati, ostavite sve \u010dime se bavite i posvetite se me\u0111unarodnoj karijeri u prodaji. Kao \u0161to Neven Kai\u0107 poku\u0161ava ostaviti dojam cini\u010dnog \u010dovjeka, tako Davor poku\u0161ava u\u0107i u ulogu strogog \u0161efa \u010dija opsjednutost detaljima u\u017easava suradnike. Na njegovu \u017ealost, ima presrda\u010dan osmijeh da bi bio uvjerljiv.<\/p>\n<p><strong>Kompetencije:<\/strong><\/p>\n<p>Svi aspekti maloprodaje i ono \u0161to se zove FMCG, nabava, upravljanje projektima, nabava, odgovornost na izvr\u0161nim pozicijama, nabava, automatizacija poslovnih procesa, nabava. Magistar elektrotehnike, DSM s Henley Management College. Jesmo li spomenuli nabavu?<\/p>\n[\/vc_column_text][\/vc_column][\/vc_row]\n<\/div>","protected":false},"excerpt":{"rendered":"<p>[vc_row][vc_column width=&#8221;1\/4&#8243;][vc_empty_space][vc_single_image image=&#8221;265&#8243; style=&#8221;vc_box_shadow_3d&#8221;][\/vc_column][vc_column width=&#8221;2\/3&#8243;][vc_column_text] Radno iskustvo: Davor Katalini\u0107 je [&hellip;]<\/p>\n","protected":false},"author":1,"featured_media":0,"parent":293,"menu_order":1,"comment_status":"closed","ping_status":"closed","template":"","meta":{"footnotes":""},"class_list":["post-271","page","type-page","status-publish","hentry"],"_links":{"self":[{"href":"https:\/\/www.corellia.com.hr\/index.php?rest_route=\/wp\/v2\/pages\/271","targetHints":{"allow":["GET"]}}],"collection":[{"href":"https:\/\/www.corellia.com.hr\/index.php?rest_route=\/wp\/v2\/pages"}],"about":[{"href":"https:\/\/www.corellia.com.hr\/index.php?rest_route=\/wp\/v2\/types\/page"}],"author":[{"embeddable":true,"href":"https:\/\/www.corellia.com.hr\/index.php?rest_route=\/wp\/v2\/users\/1"}],"replies":[{"embeddable":true,"href":"https:\/\/www.corellia.com.hr\/index.php?rest_route=%2Fwp%2Fv2%2Fcomments&post=271"}],"version-history":[{"count":8,"href":"https:\/\/www.corellia.com.hr\/index.php?rest_route=\/wp\/v2\/pages\/271\/revisions"}],"predecessor-version":[{"id":1162,"href":"https:\/\/www.corellia.com.hr\/index.php?rest_route=\/wp\/v2\/pages\/271\/revisions\/1162"}],"up":[{"embeddable":true,"href":"https:\/\/www.corellia.com.hr\/index.php?rest_route=\/wp\/v2\/pages\/293"}],"wp:attachment":[{"href":"https:\/\/www.corellia.com.hr\/index.php?rest_route=%2Fwp%2Fv2%2Fmedia&parent=271"}],"curies":[{"name":"wp","href":"https:\/\/api.w.org\/{rel}","templated":true}]}}