{"id":565,"date":"2015-06-04T15:04:07","date_gmt":"2015-06-04T14:04:07","guid":{"rendered":"http:\/\/www.corellia.com.hr\/?page_id=565"},"modified":"2020-05-18T12:27:16","modified_gmt":"2020-05-18T11:27:16","slug":"sirokopojasni-pristup","status":"publish","type":"page","link":"https:\/\/www.corellia.com.hr\/?page_id=565","title":{"rendered":"\u0160irokopojasna infrastruktura"},"content":{"rendered":"<div class=\"wpb-content-wrapper\">[vc_row][vc_column width=&#8221;1\/4&#8243;][vc_empty_space][vc_single_image image=&#8221;1327&#8243; style=&#8221;vc_box_shadow_3d&#8221;][\/vc_column][vc_column width=&#8221;2\/3&#8243;][vc_column_text]S obzirom na profesionalno iskustvo jednog od savjetnika Corellia savjetovanja, ostatak suradnika je prisiljen usvajati pojmove kao \u0161to su FTTH, NGA, IPv6 i ostale skra\u0107enice koje bi bacile u o\u010daj i Jean-Francois Champolliona. Pri spominjanju oznaka kao \u0161to su 100 Mbit\/s i ROI stvari postaju malo jasnije, ali ako zaista \u017eelite spojiti sve u cjelinu, morat \u0107ete kontaktirati \u010dovjeka istinski opsjednutog ulogom komunikacija u modernom svijetu i gonjenog ambicijom da pospaja sve kablove u bli\u017eoj okolici s ciljem uklju\u010divanja svih domova u globalnu digitalnu obitelj. Ne samo da brzi pristup Internetu (to se krije iznad ranije navedenih skra\u0107enica) omogu\u0107uje gra\u0111anima pristup cjelo\u017eivotnom u\u010denju, video-komunikaciji ili zabavi, ve\u0107 je u modernom svijetu postao nerazdvojno povezan s pravom na slobodu izra\u017eavanja i pravom na pristup informacijama, \u010dime prelazi u kategoriju osnovnih ljudskih prava. Neki \u0107e se sjetiti primjera Finske, koja je kao prva dr\u017eava na svijetu zakonski priznala pravo svakog gra\u0111anina na pristup Internetu br\u017ei od 1 Mbit\/s.<\/p>\n<p>Iako ve\u0107ina dr\u017eava Europe nije uzdigla pravo na pristup \u0161irokopojasnom (brzom) Internetu na razinu zakona, Europska Unija financijski podr\u017eava uvo\u0111enje \u0161irokopojasnog Interneta u te\u017ee dostupne krajeve gdje postoje\u0107i operateri telekomunikacijskih usluga ne pokazuju interes za izgradnju vlastite infrastrukture. Stoga pojedine jedinice lokalne samouprave u Hrvatskoj mogu dio tro\u0161kova izgradnje infrastrukture za pristup \u0161irokopojasnom Internetu financirati bespovratnim sredstvima iz EU fondova. Tu se vra\u0107amo na onog\u00a0savjetnika Corellia savjetovanja koji uporno tvrdi da zna kako se to radi \u2013 navodno je radio na projektima planiranja, izgradnje i upravljanja mre\u017ea s vi\u0161e od 2.000 km opti\u010dkih kablova i vi\u0161e desetaka telekomunikacijskih \u010dvorova \u0161irom Hrvatske i regije \u2013 pa Vas molimo da nam se obratite sa svim pitanjima u vezi uvo\u0111enja \u0161irokopojasnog Interneta putem e-mail adrese\u00a0<a href=\"mailto:broadband@corellia.com.hr\">broadband@corellia.com.hr<\/a>.[\/vc_column_text][\/vc_column][\/vc_row]\n<\/div>","protected":false},"excerpt":{"rendered":"<p>[vc_row][vc_column width=&#8221;1\/4&#8243;][vc_empty_space][vc_single_image image=&#8221;1327&#8243; style=&#8221;vc_box_shadow_3d&#8221;][\/vc_column][vc_column width=&#8221;2\/3&#8243;][vc_column_text]S obzirom na profesionalno iskustvo jednog [&hellip;]<\/p>\n","protected":false},"author":1,"featured_media":0,"parent":0,"menu_order":0,"comment_status":"closed","ping_status":"closed","template":"","meta":{"footnotes":""},"class_list":["post-565","page","type-page","status-publish","hentry"],"_links":{"self":[{"href":"https:\/\/www.corellia.com.hr\/index.php?rest_route=\/wp\/v2\/pages\/565","targetHints":{"allow":["GET"]}}],"collection":[{"href":"https:\/\/www.corellia.com.hr\/index.php?rest_route=\/wp\/v2\/pages"}],"about":[{"href":"https:\/\/www.corellia.com.hr\/index.php?rest_route=\/wp\/v2\/types\/page"}],"author":[{"embeddable":true,"href":"https:\/\/www.corellia.com.hr\/index.php?rest_route=\/wp\/v2\/users\/1"}],"replies":[{"embeddable":true,"href":"https:\/\/www.corellia.com.hr\/index.php?rest_route=%2Fwp%2Fv2%2Fcomments&post=565"}],"version-history":[{"count":18,"href":"https:\/\/www.corellia.com.hr\/index.php?rest_route=\/wp\/v2\/pages\/565\/revisions"}],"predecessor-version":[{"id":2003,"href":"https:\/\/www.corellia.com.hr\/index.php?rest_route=\/wp\/v2\/pages\/565\/revisions\/2003"}],"wp:attachment":[{"href":"https:\/\/www.corellia.com.hr\/index.php?rest_route=%2Fwp%2Fv2%2Fmedia&parent=565"}],"curies":[{"name":"wp","href":"https:\/\/api.w.org\/{rel}","templated":true}]}}