{"id":673,"date":"2015-10-20T08:50:48","date_gmt":"2015-10-20T07:50:48","guid":{"rendered":"http:\/\/www.corellia.com.hr\/?page_id=673"},"modified":"2020-05-18T12:28:51","modified_gmt":"2020-05-18T11:28:51","slug":"energetska-obnova","status":"publish","type":"page","link":"https:\/\/www.corellia.com.hr\/?page_id=673","title":{"rendered":"Energetska obnova i obnovljivi izvori energije"},"content":{"rendered":"<div class=\"wpb-content-wrapper\">[vc_row][vc_column width=&#8221;1\/4&#8243;][vc_empty_space][vc_empty_space height=&#8221;48px&#8221;][vc_single_image image=&#8221;687&#8243; img_size=&#8221;medium&#8221; onclick=&#8221;custom_link&#8221; img_link_target=&#8221;_blank&#8221; link=&#8221;http:\/\/www.inteligentnaenergija.hr&#8221;][\/vc_column][vc_column width=&#8221;2\/3&#8243;][vc_column_text]Vrlo vjerojatno ste ve\u0107 mnogo puta do sada \u010duli pojmove <em>energetska u\u010dinkovitost<\/em>\u00a0i <em>obnovljivi izvori energije<\/em>.\u00a0Mo\u017eda ste putuju\u0107i uz Jadransku\u00a0obalu primijetili vjetroelektrane <a href=\"https:\/\/hr.wikipedia.org\/wiki\/Vjetroelektrana_Vrataru\u0161a\" target=\"_blank\" rel=\"noopener noreferrer\">Vrataru\u0161u <\/a>na Velebitu kod Senja ili <a href=\"https:\/\/hr.wikipedia.org\/wiki\/Vjetroelektrana_Crno_Brdo\" target=\"_blank\" rel=\"noopener noreferrer\">Crno brdo<\/a> kod\u00a0\u0160ibenika. I sigurno ste vidjeli solarne plo\u010de na krovovima nekih zgrada tijekom Va\u0161eg puta. Znaju\u0107i da Hrvatska velik dio svoje elektri\u010dne energije dobiva iz hidroelektrana mo\u017eda ste\u00a0pomislili kako smo kao dr\u017eava ve\u0107 puno napravili \u0161to se ti\u010de kori\u0161tenja obnovljivih izvora energije.<\/p>\n<p>Me\u0111utim, Corellia savjetovanje, kao \u010dlanica klastera <a href=\"http:\/\/www.inteligentnaenergija.hr\" target=\"_blank\" rel=\"noopener noreferrer\">Inteligentna energija<\/a>, vjeruje da to nije dovoljno i da smo na tek po\u010detku puta da bi dostigli ambiciozne ciljeve koje je postavila Europska unija.<\/p>\n<p>Svakako najve\u0107i iskorak potreban je u podru\u010dju energetske u\u010dinkovitosti i energetske obnove zgrada. I to naro\u010dito u javnom sektoru.\u00a0Stoga jedinice lokalne samouprave i javne ustanove u Hrvatskoj mogu dio tro\u0161kova energetske obnove zgrada i kori\u0161tenja obnovljivih izvora energije\u00a0financirati bespovratnim sredstvima iz EU fondova. S obzirom da ovo podru\u010dje zahtjeva interdisciplinarna znanja iz elektrotehnike, strojarstva i financija, vjerujemo da Vam Corellia savjetovanje i klaster Inteligentna energija mogu biti pravi partner u ovakvim projektima.<\/p>\n<p>Molimo Vas da nam se slobodno obratite sa svim pitanjima u vezi energetske u\u010dinkovitosti i kori\u0161tenja obnovljivih izvora energije putem e-mail adrese\u00a0<a href=\"mailto:neven.kaic@corellia.com.hr\">neven.kaic@corellia.com.hr<\/a>\u00a0ili <a href=\"mailto:mladen.perkov@inteligentnaenergija.hr\">mladen.perkov@inteligentnaenergija.hr<\/a>.[\/vc_column_text][\/vc_column][\/vc_row]\n<\/div>","protected":false},"excerpt":{"rendered":"<p>[vc_row][vc_column width=&#8221;1\/4&#8243;][vc_empty_space][vc_empty_space height=&#8221;48px&#8221;][vc_single_image image=&#8221;687&#8243; img_size=&#8221;medium&#8221; onclick=&#8221;custom_link&#8221; img_link_target=&#8221;_blank&#8221; link=&#8221;http:\/\/www.inteligentnaenergija.hr&#8221;][\/vc_column][vc_column width=&#8221;2\/3&#8243;][vc_column_text]Vrlo vjerojatno [&hellip;]<\/p>\n","protected":false},"author":1,"featured_media":0,"parent":0,"menu_order":0,"comment_status":"closed","ping_status":"closed","template":"","meta":{"footnotes":""},"class_list":["post-673","page","type-page","status-publish","hentry"],"_links":{"self":[{"href":"https:\/\/www.corellia.com.hr\/index.php?rest_route=\/wp\/v2\/pages\/673","targetHints":{"allow":["GET"]}}],"collection":[{"href":"https:\/\/www.corellia.com.hr\/index.php?rest_route=\/wp\/v2\/pages"}],"about":[{"href":"https:\/\/www.corellia.com.hr\/index.php?rest_route=\/wp\/v2\/types\/page"}],"author":[{"embeddable":true,"href":"https:\/\/www.corellia.com.hr\/index.php?rest_route=\/wp\/v2\/users\/1"}],"replies":[{"embeddable":true,"href":"https:\/\/www.corellia.com.hr\/index.php?rest_route=%2Fwp%2Fv2%2Fcomments&post=673"}],"version-history":[{"count":14,"href":"https:\/\/www.corellia.com.hr\/index.php?rest_route=\/wp\/v2\/pages\/673\/revisions"}],"predecessor-version":[{"id":2004,"href":"https:\/\/www.corellia.com.hr\/index.php?rest_route=\/wp\/v2\/pages\/673\/revisions\/2004"}],"wp:attachment":[{"href":"https:\/\/www.corellia.com.hr\/index.php?rest_route=%2Fwp%2Fv2%2Fmedia&parent=673"}],"curies":[{"name":"wp","href":"https:\/\/api.w.org\/{rel}","templated":true}]}}