{"id":967,"date":"2016-11-27T22:30:02","date_gmt":"2016-11-27T21:30:02","guid":{"rendered":"http:\/\/www.corellia.com.hr\/?page_id=967"},"modified":"2016-11-27T23:08:46","modified_gmt":"2016-11-27T22:08:46","slug":"pametni-gradovi","status":"publish","type":"page","link":"https:\/\/www.corellia.com.hr\/?page_id=967","title":{"rendered":"Strategija razvoja pametnih gradova"},"content":{"rendered":"<div class=\"wpb-content-wrapper\">[vc_row][vc_column width=&#8221;1\/4&#8243;][vc_empty_space][vc_single_image image=&#8221;975&#8243; style=&#8221;vc_box_shadow_3d&#8221;][\/vc_column][vc_column width=&#8221;2\/3&#8243;][vc_column_text]Pametni gradovi su koncept odr\u017eivog urbanog razvoja koji povezuje najnovija tehnolo\u0161ka rje\u0161enja sa inovativnim sociolo\u0161kim modelima sa ciljem postizanja odr\u017eivog gospodarskog razvoja i vi\u0161e kvalitete \u017eivota njihovih stanovnika.<\/p>\n<p>Izrada strategije razvoja pametnih gradova, kao prvi korak u tom smjeru, poma\u017ee gradovima strukturirati projekte iz podru\u010dja o\u010duvanja resursa, pove\u0107anja kvalitete \u017eivota, te pove\u0107anja inovativnosti sa ciljem pripreme projekata za natje\u010daje za financiranje kroz integrirana teritorijalna ulaganja (ITU). Iz tog razloga prilikom izrade ove strategije analizirati \u0107e se i podru\u010dja energetike (npr. energetske u\u010dinkovitosti i kori\u0161tenja OIE), mobilnosti, izgradnje (npr. urbanog razvoja) i infrastrukture (npr. <a href=\"https:\/\/www.corellia.com.hr\/?page_id=565\">\u0161irokopojasna infrastruktura<\/a>).<\/p>\n<p>Me\u0111utim, osobita pa\u017enja posvetit \u0107e se i analizi potrebnih mjera radi pove\u0107anja socijalne uklju\u010divosti i smanjenja siroma\u0161tva. Naime projekte iz ovog podru\u010dja\u00a0mogu\u0107e je financirati kroz natje\u010daje\u00a0<a href=\"http:\/\/www.esf.hr\/\" target=\"_blank\">Europskog socijalnog fond<\/a>a, ali i <a href=\"http:\/\/eea-ngo-croatia.hr\/\" target=\"_blank\">fondova zemalja Europskog gospodarskog prostora i Kraljevine Norve\u0161ke<\/a>.<\/p>\n<p>Ukoliko ste zainteresirani za upoznavanje s metodom izrade strategije razvoja pametnog grada, slobodno nam se javite ili uputite pitanje na mail <a href=\"mailto:neven.kaic@corellia.com.hr\">neven.kaic@corellia.com.hr<\/a>.[\/vc_column_text][\/vc_column][\/vc_row]\n<\/div>","protected":false},"excerpt":{"rendered":"<p>[vc_row][vc_column width=&#8221;1\/4&#8243;][vc_empty_space][vc_single_image image=&#8221;975&#8243; style=&#8221;vc_box_shadow_3d&#8221;][\/vc_column][vc_column width=&#8221;2\/3&#8243;][vc_column_text]Pametni gradovi su koncept odr\u017eivog urbanog [&hellip;]<\/p>\n","protected":false},"author":1,"featured_media":0,"parent":0,"menu_order":0,"comment_status":"closed","ping_status":"closed","template":"","meta":{"footnotes":""},"class_list":["post-967","page","type-page","status-publish","hentry"],"_links":{"self":[{"href":"https:\/\/www.corellia.com.hr\/index.php?rest_route=\/wp\/v2\/pages\/967","targetHints":{"allow":["GET"]}}],"collection":[{"href":"https:\/\/www.corellia.com.hr\/index.php?rest_route=\/wp\/v2\/pages"}],"about":[{"href":"https:\/\/www.corellia.com.hr\/index.php?rest_route=\/wp\/v2\/types\/page"}],"author":[{"embeddable":true,"href":"https:\/\/www.corellia.com.hr\/index.php?rest_route=\/wp\/v2\/users\/1"}],"replies":[{"embeddable":true,"href":"https:\/\/www.corellia.com.hr\/index.php?rest_route=%2Fwp%2Fv2%2Fcomments&post=967"}],"version-history":[{"count":11,"href":"https:\/\/www.corellia.com.hr\/index.php?rest_route=\/wp\/v2\/pages\/967\/revisions"}],"predecessor-version":[{"id":983,"href":"https:\/\/www.corellia.com.hr\/index.php?rest_route=\/wp\/v2\/pages\/967\/revisions\/983"}],"wp:attachment":[{"href":"https:\/\/www.corellia.com.hr\/index.php?rest_route=%2Fwp%2Fv2%2Fmedia&parent=967"}],"curies":[{"name":"wp","href":"https:\/\/api.w.org\/{rel}","templated":true}]}}